{"id":487,"date":"2026-03-31T15:03:56","date_gmt":"2026-03-31T15:03:56","guid":{"rendered":"https:\/\/fifagrowthacademy.com\/?post_type=product&#038;p=487"},"modified":"2026-03-31T15:03:56","modified_gmt":"2026-03-31T15:03:56","slug":"3-month-coaching-12-weeks","status":"publish","type":"product","link":"https:\/\/fifagrowthacademy.com\/fr\/produit\/3-month-coaching-12-weeks\/","title":{"rendered":"3-Month Coaching (12 Weeks)"},"content":{"rendered":"<p>ALIGN The Transformation Journey<br \/>\nDeep inner work to realign faith, purpose, mindset, and habits.<\/p>\n<p>This in-depth coaching journey is designed for individuals or small groups who are committed to long-term growth. Over 12 weeks, we will work closely to identify challenges, set clear goals, and create sustainable strategies for success.<\/p>\n<p><strong>What You Can Expect:<\/strong><\/p>\n<ul>\n<li>Des s\u00e9ances hebdomadaires de coaching individuel ou en petit groupe (en personne, par t\u00e9l\u00e9phone ou via Zoom).<\/li>\n<li>Des plans de croissance personnalis\u00e9s adapt\u00e9s \u00e0 vos objectifs uniques.<\/li>\n<li>Responsabilit\u00e9 et soutien pour assurer une transformation durable.<\/li>\n<li>Des principes bibliques int\u00e9gr\u00e9s dans des strat\u00e9gies de vie pratiques.<\/li>\n<li>Tools and exercises to help you build confidence, resilience, and deeper faith.<\/li>\n<li>Unlimited access to me via text or email for guidance and encouragement between sessions.<\/li>\n<\/ul>","protected":false},"excerpt":{"rendered":"<p>Exclusive Offer \u2013 Code: SAVE<br \/>\nApply code SAVE and save instantly on our services. Don\u2019t miss out!<\/p>\n<p>ALIGN The Transformation Journey<br \/>\nDeep inner work to realign faith, purpose, mindset, and habits.<\/p>\n<p>This in-depth coaching journey is designed for individuals or small groups who are committed to long-term growth. Over 12 weeks, we will work closely to identify challenges, set clear goals, and create sustainable strategies for success.<\/p>","protected":false},"featured_media":111,"comment_status":"open","ping_status":"closed","template":"","meta":{"site-sidebar-layout":"default","site-content-layout":"","ast-site-content-layout":"default","site-content-style":"default","site-sidebar-style":"default","ast-global-header-display":"","ast-banner-title-visibility":"","ast-main-header-display":"","ast-hfb-above-header-display":"","ast-hfb-below-header-display":"","ast-hfb-mobile-header-display":"","site-post-title":"","ast-breadcrumbs-content":"","ast-featured-img":"","footer-sml-layout":"","ast-disable-related-posts":"","theme-transparent-header-meta":"default","adv-header-id-meta":"","stick-header-meta":"","header-above-stick-meta":"","header-main-stick-meta":"","header-below-stick-meta":"","astra-migrate-meta-layouts":"set","ast-page-background-enabled":"default","ast-page-background-meta":{"desktop":{"background-color":"var(--ast-global-color-5)","background-image":"","background-repeat":"repeat","background-position":"center center","background-size":"auto","background-attachment":"scroll","background-type":"","background-media":"","overlay-type":"","overlay-color":"","overlay-opacity":"","overlay-gradient":""},"tablet":{"background-color":"","background-image":"","background-repeat":"repeat","background-position":"center center","background-size":"auto","background-attachment":"scroll","background-type":"","background-media":"","overlay-type":"","overlay-color":"","overlay-opacity":"","overlay-gradient":""},"mobile":{"background-color":"","background-image":"","background-repeat":"repeat","background-position":"center center","background-size":"auto","background-attachment":"scroll","background-type":"","background-media":"","overlay-type":"","overlay-color":"","overlay-opacity":"","overlay-gradient":""}},"ast-content-background-meta":{"desktop":{"background-color":"var(--ast-global-color-4)","background-image":"","background-repeat":"repeat","background-position":"center center","background-size":"auto","background-attachment":"scroll","background-type":"","background-media":"","overlay-type":"","overlay-color":"","overlay-opacity":"","overlay-gradient":""},"tablet":{"background-color":"var(--ast-global-color-4)","background-image":"","background-repeat":"repeat","background-position":"center center","background-size":"auto","background-attachment":"scroll","background-type":"","background-media":"","overlay-type":"","overlay-color":"","overlay-opacity":"","overlay-gradient":""},"mobile":{"background-color":"var(--ast-global-color-4)","background-image":"","background-repeat":"repeat","background-position":"center center","background-size":"auto","background-attachment":"scroll","background-type":"","background-media":"","overlay-type":"","overlay-color":"","overlay-opacity":"","overlay-gradient":""}}},"product_brand":[],"product_cat":[21],"product_tag":[],"class_list":{"0":"post-487","1":"product","2":"type-product","3":"status-publish","4":"has-post-thumbnail","6":"product_cat-coaching","7":"desktop-align-left","8":"tablet-align-left","9":"mobile-align-left","11":"first","12":"instock","13":"shipping-taxable","14":"purchasable","15":"product-type-simple"},"aioseo_notices":[],"_links":{"self":[{"href":"https:\/\/fifagrowthacademy.com\/fr\/wp-json\/wp\/v2\/product\/487","targetHints":{"allow":["GET"]}}],"collection":[{"href":"https:\/\/fifagrowthacademy.com\/fr\/wp-json\/wp\/v2\/product"}],"about":[{"href":"https:\/\/fifagrowthacademy.com\/fr\/wp-json\/wp\/v2\/types\/product"}],"replies":[{"embeddable":true,"href":"https:\/\/fifagrowthacademy.com\/fr\/wp-json\/wp\/v2\/comments?post=487"}],"wp:featuredmedia":[{"embeddable":true,"href":"https:\/\/fifagrowthacademy.com\/fr\/wp-json\/wp\/v2\/media\/111"}],"wp:attachment":[{"href":"https:\/\/fifagrowthacademy.com\/fr\/wp-json\/wp\/v2\/media?parent=487"}],"wp:term":[{"taxonomy":"product_brand","embeddable":true,"href":"https:\/\/fifagrowthacademy.com\/fr\/wp-json\/wp\/v2\/product_brand?post=487"},{"taxonomy":"product_cat","embeddable":true,"href":"https:\/\/fifagrowthacademy.com\/fr\/wp-json\/wp\/v2\/product_cat?post=487"},{"taxonomy":"product_tag","embeddable":true,"href":"https:\/\/fifagrowthacademy.com\/fr\/wp-json\/wp\/v2\/product_tag?post=487"}],"curies":[{"name":"wp","href":"https:\/\/api.w.org\/{rel}","templated":true}]}}